{"id":2642,"date":"2014-05-02T00:39:59","date_gmt":"2014-05-01T22:39:59","guid":{"rendered":"http:\/\/www.easistent.ro\/new\/?page_id=2642"},"modified":"2021-02-19T11:45:15","modified_gmt":"2021-02-19T09:45:15","slug":"prima-pagina","status":"publish","type":"page","link":"https:\/\/www.easistent.ro\/","title":{"rendered":"Prima pagin\u0103"},"content":{"rendered":"<div class=\"shortcode-magazine-full-column-st2\"><div class=\"title_bg\"><H3>Articole recomandate<\/H3><\/div><div id=\"\" class=\"content-blog-medium-image\"><article id=\"post-9701\"><div class=\"entry-header\"><div class=\"entry-thumbnail\"><div class=\"content-spinner-img\"><div class=\"spinner-css\"><span class=\"side sp_left\"><span class=\"fill\"><\/span><\/span><span class=\"side sp_right\"><span class=\"fill\"><\/span><\/span><\/div><!-- \/.spinner-css --><div class=\"img_wrapper\"><a href=\"https:\/\/www.easistent.ro\/?p=9701\"><img width=\"405\" height=\"270\" src=\"https:\/\/www.easistent.ro\/new\/wp-content\/uploads\/2026\/04\/editorial-405x270.png\" class=\"post- wp-post-image\" alt=\"\" rel=\"\" onload=\"image_load(jQuery(this))\" srcset=\"https:\/\/www.easistent.ro\/new\/wp-content\/uploads\/2026\/04\/editorial-405x270.png 405w, https:\/\/www.easistent.ro\/new\/wp-content\/uploads\/2026\/04\/editorial-300x201.png 300w\" sizes=\"(max-width: 405px) 100vw, 405px\" \/><\/a><\/div><!-- \/.img_wrapper --><\/div><!-- \/.content-spinner-img --><\/div><!-- \/.entry-thumbnail --><div class=\"entry-title\"><h2><a title=\"Editorial de aprilie\" href=\"https:\/\/www.easistent.ro\/?p=9701\" rel=\"bookmark\">Editorial de aprilie<\/a><\/h2><\/div><!-- \/.entry-title --><div class=\"entry-meta\"><span class=\"cat-post\">in <a href=\"https:\/\/www.easistent.ro\/?cat=152\">Articol<\/a><\/span><span class=\"date-post\">21.04.2026<\/span><\/div><!-- \/.entry-meta --><\/div><!-- \/.entry-header --><div class=\"entry-excerpt\"><p>\n\n\n\n\nAsisten\u021ba medical\u0103 este un domeniu solicitant, adesea asociat cu niveluri ridicate de stres, presiune emo\u021bional\u0103 \u0219i epuizare profesional\u0103. Prin urmare, a le oferi asisten\u021bilor medicali instrumente pentru a gestiona stresul \u0219i a dezvolta rezilien\u021ba \u00eenc\u0103 de la \u00eenceputul carierei, spun unele studii, este o op\u021biune ... <a href=\"https:\/\/www.easistent.ro\/?p=9701\" class=\"entry-readmore\">Citi\u021bi mai mult...<\/a><\/p><\/div><!-- \/.entry-excerpt --><div class=\"clearfix\"><\/div><\/article><!-- \/#post-ID* --><\/div><div class='row'><div class=\"small_post col-xs-6\"><article id='post-9699' class='small-post'><div class='image-post'><a href='https:\/\/www.easistent.ro\/?p=9699'><img width=\"80\" height=\"60\" src=\"https:\/\/www.easistent.ro\/new\/wp-content\/uploads\/2026\/04\/vaccin-80x60.jpg\" class=\"attachment-image_80_60 size-image_80_60 wp-post-image\" alt=\"\" \/><\/a><\/div><div class='post-holder'><a class='title-post' href='https:\/\/www.easistent.ro\/?p=9699'>Vaccinurile ajut\u0103 persoanele \u00een v\u00e2rst\u0103 mai mult dec\u00e2t b\u0103nuiam<\/a><div class='meta-post'><span class=\"date-post\">apr., 21 2026<\/span><\/div><\/div><div class='clearfix'><\/div><\/article><\/div><div class=\"small_post col-xs-6\"><article id='post-9697' class='small-post'><div class='image-post'><a href='https:\/\/www.easistent.ro\/?p=9697'><img width=\"80\" height=\"60\" src=\"https:\/\/www.easistent.ro\/new\/wp-content\/uploads\/2026\/04\/droguri-80x60.jpg\" class=\"attachment-image_80_60 size-image_80_60 wp-post-image\" alt=\"\" \/><\/a><\/div><div class='post-holder'><a class='title-post' href='https:\/\/www.easistent.ro\/?p=9697'>Unele tipuri de droguri psihedelice s-au dovedit promi\u021b\u0103toare ca terapii pentru depresia rezistent\u0103 la tratament<\/a><div class='meta-post'><span class=\"date-post\">apr., 21 2026<\/span><\/div><\/div><div class='clearfix'><\/div><\/article><\/div><div class=\"small_post col-xs-6\"><article id='post-9695' class='small-post'><div class='image-post'><a href='https:\/\/www.easistent.ro\/?p=9695'><img width=\"80\" height=\"60\" src=\"https:\/\/www.easistent.ro\/new\/wp-content\/uploads\/2026\/04\/healthworker-80x60.png\" class=\"attachment-image_80_60 size-image_80_60 wp-post-image\" alt=\"\" \/><\/a><\/div><div class='post-holder'><a class='title-post' href='https:\/\/www.easistent.ro\/?p=9695'>Ce spune acest studiu despre \u00eembun\u0103t\u0103\u021birea siguran\u021bei \u0219i bun\u0103st\u0103rii lucr\u0103torilor din domeniul s\u0103n\u0103t\u0103\u021bii?<\/a><div class='meta-post'><span class=\"date-post\">apr., 21 2026<\/span><\/div><\/div><div class='clearfix'><\/div><\/article><\/div><div class=\"small_post col-xs-6\"><article id='post-9693' class='small-post'><div class='image-post'><a href='https:\/\/www.easistent.ro\/?p=9693'><img width=\"80\" height=\"60\" src=\"https:\/\/www.easistent.ro\/new\/wp-content\/uploads\/2026\/04\/zisanatate-80x60.png\" class=\"attachment-image_80_60 size-image_80_60 wp-post-image\" alt=\"\" \/><\/a><\/div><div class='post-holder'><a class='title-post' href='https:\/\/www.easistent.ro\/?p=9693'>Zile interna\u0163ionale de interes \u00een 2026 din domeniul s\u0103n\u0103t\u0103\u021bii<\/a><div class='meta-post'><span class=\"date-post\">apr., 21 2026<\/span><\/div><\/div><div class='clearfix'><\/div><\/article><\/div><div class=\"small_post col-xs-6\"><article id='post-9691' class='small-post'><div class='image-post'><a href='https:\/\/www.easistent.ro\/?p=9691'><img width=\"80\" height=\"60\" src=\"https:\/\/www.easistent.ro\/new\/wp-content\/uploads\/2026\/04\/ai-80x60.jpg\" class=\"attachment-image_80_60 size-image_80_60 wp-post-image\" alt=\"\" \/><\/a><\/div><div class='post-holder'><a class='title-post' href='https:\/\/www.easistent.ro\/?p=9691'>O discu\u021bie despre inteligen\u021ba artificial\u0103 \u0219i folosirea ei \u00een medicin\u0103 \u2013 episodul 2<\/a><div class='meta-post'><span class=\"date-post\">apr., 21 2026<\/span><\/div><\/div><div class='clearfix'><\/div><\/article><\/div><div class=\"small_post col-xs-6\"><article id='post-9689' class='small-post'><div class='image-post'><a href='https:\/\/www.easistent.ro\/?p=9689'><img width=\"80\" height=\"60\" src=\"https:\/\/www.easistent.ro\/new\/wp-content\/uploads\/2026\/04\/rezilient-80x60.png\" class=\"attachment-image_80_60 size-image_80_60 wp-post-image\" alt=\"\" \/><\/a><\/div><div class='post-holder'><a class='title-post' href='https:\/\/www.easistent.ro\/?p=9689'>Rezilient. Cum s\u0103 ne preg\u0103tim copiii pentru o lume plin\u0103 de anxiet\u0103\u021bi, de Muniya S. Khanna, Philip C. Kendall, Ed. ASCR, 2025<\/a><div class='meta-post'><span class=\"date-post\">apr., 21 2026<\/span><\/div><\/div><div class='clearfix'><\/div><\/article><\/div><div class=\"small_post col-xs-6\"><article id='post-9687' class='small-post'><div class='image-post'><a href='https:\/\/www.easistent.ro\/?p=9687'><img width=\"80\" height=\"60\" src=\"https:\/\/www.easistent.ro\/new\/wp-content\/uploads\/2026\/04\/revolutie-80x60.png\" class=\"attachment-image_80_60 size-image_80_60 wp-post-image\" alt=\"\" \/><\/a><\/div><div class='post-holder'><a class='title-post' href='https:\/\/www.easistent.ro\/?p=9687'>Revolu\u021bia hormonal\u0103. O nou\u0103 viziune asupra st\u0103rii de bine \u00een fiecare etap\u0103 a vie\u021bii, de Tasneem Bhatia, Ed. XYZ Books, 2025<\/a><div class='meta-post'><span class=\"date-post\">apr., 21 2026<\/span><\/div><\/div><div class='clearfix'><\/div><\/article><\/div><div class=\"small_post col-xs-6\"><article id='post-9685' class='small-post'><div class='image-post'><a href='https:\/\/www.easistent.ro\/?p=9685'><img width=\"80\" height=\"60\" src=\"https:\/\/www.easistent.ro\/new\/wp-content\/uploads\/2026\/04\/dorm-80x60.png\" class=\"attachment-image_80_60 size-image_80_60 wp-post-image\" alt=\"\" \/><\/a><\/div><div class='post-holder'><a class='title-post' href='https:\/\/www.easistent.ro\/?p=9685'>G\u00e2nde\u0219te mai pu\u021bin, dormi mai mult. De la panic\u0103 \u0219i perfec\u021bionism la somn lipsit de stres, de Stephanie Romiszewski, Ed. Publica, 2026<\/a><div class='meta-post'><span class=\"date-post\">apr., 21 2026<\/span><\/div><\/div><div class='clearfix'><\/div><\/article><\/div><div class=\"small_post col-xs-6\"><article id='post-9662' class='small-post'><div class='image-post'><a href='https:\/\/www.easistent.ro\/?p=9662'><img width=\"80\" height=\"60\" src=\"https:\/\/www.easistent.ro\/new\/wp-content\/uploads\/2026\/03\/poza-mazilu-80x60.png\" class=\"attachment-image_80_60 size-image_80_60 wp-post-image\" alt=\"\" \/><\/a><\/div><div class='post-holder'><a class='title-post' href='https:\/\/www.easistent.ro\/?p=9662'>Editorial de martie<\/a><div class='meta-post'><span class=\"date-post\">mart., 18 2026<\/span><\/div><\/div><div class='clearfix'><\/div><\/article><\/div><div class=\"small_post col-xs-6\"><article id='post-9652' class='small-post'><div class='image-post'><a href='https:\/\/www.easistent.ro\/?p=9652'><img width=\"80\" height=\"60\" src=\"https:\/\/www.easistent.ro\/new\/wp-content\/uploads\/2026\/03\/rinichi-80x60.png\" class=\"attachment-image_80_60 size-image_80_60 wp-post-image\" alt=\"\" \/><\/a><\/div><div class='post-holder'><a class='title-post' href='https:\/\/www.easistent.ro\/?p=9652'>20 de ani de c\u00e2nd lumea celebreaz\u0103 Ziua Mondial\u0103 a Rinichiului<\/a><div class='meta-post'><span class=\"date-post\">mart., 18 2026<\/span><\/div><\/div><div class='clearfix'><\/div><\/article><\/div><div class=\"small_post col-xs-6\"><article id='post-9657' class='small-post'><div class='image-post'><a href='https:\/\/www.easistent.ro\/?p=9657'><img width=\"80\" height=\"60\" src=\"https:\/\/www.easistent.ro\/new\/wp-content\/uploads\/2026\/03\/femei-80x60.jpg\" class=\"attachment-image_80_60 size-image_80_60 wp-post-image\" alt=\"\" \/><\/a><\/div><div class='post-holder'><a class='title-post' href='https:\/\/www.easistent.ro\/?p=9657'>Femei care au scris pagini de istorie \u00een domeniul medicinei<\/a><div class='meta-post'><span class=\"date-post\">mart., 18 2026<\/span><\/div><\/div><div class='clearfix'><\/div><\/article><\/div><div class=\"small_post col-xs-6\"><article id='post-9659' class='small-post'><div class='image-post'><a href='https:\/\/www.easistent.ro\/?p=9659'><img width=\"80\" height=\"60\" src=\"https:\/\/www.easistent.ro\/new\/wp-content\/uploads\/2026\/03\/descoperire-80x60.png\" class=\"attachment-image_80_60 size-image_80_60 wp-post-image\" alt=\"\" \/><\/a><\/div><div class='post-holder'><a class='title-post' href='https:\/\/www.easistent.ro\/?p=9659'>Dou\u0103 descoperiri revolu\u021bionare \u00een domeniul s\u0103n\u0103t\u0103\u021bii publicate \u00een 2025 &#8211; episodul 2<\/a><div class='meta-post'><span class=\"date-post\">mart., 18 2026<\/span><\/div><\/div><div class='clearfix'><\/div><\/article><\/div><div class=\"small_post col-xs-6\"><article id='post-9654' class='small-post'><div class='image-post'><a href='https:\/\/www.easistent.ro\/?p=9654'><img width=\"80\" height=\"60\" src=\"https:\/\/www.easistent.ro\/new\/wp-content\/uploads\/2026\/03\/cancer-80x60.jpg\" class=\"attachment-image_80_60 size-image_80_60 wp-post-image\" alt=\"\" \/><\/a><\/div><div class='post-holder'><a class='title-post' href='https:\/\/www.easistent.ro\/?p=9654'>\u00centreb\u0103ri despre cancer. Ce \u0219tim \u0219i ce nu \u0219tim (\u00eenc\u0103)? \u2013 episodul 2<\/a><div class='meta-post'><span class=\"date-post\">mart., 18 2026<\/span><\/div><\/div><div class='clearfix'><\/div><\/article><\/div><div class=\"small_post col-xs-6\"><article id='post-9648' class='small-post'><div class='image-post'><a href='https:\/\/www.easistent.ro\/?p=9648'><img width=\"80\" height=\"60\" src=\"https:\/\/www.easistent.ro\/new\/wp-content\/uploads\/2026\/03\/ai-80x60.jpg\" class=\"attachment-image_80_60 size-image_80_60 wp-post-image\" alt=\"\" \/><\/a><\/div><div class='post-holder'><a class='title-post' href='https:\/\/www.easistent.ro\/?p=9648'>O discu\u021bie despre inteligen\u021ba artificial\u0103 \u0219i folosirea ei \u00een medicin\u0103 \u2013 episodul 1<\/a><div class='meta-post'><span class=\"date-post\">mart., 18 2026<\/span><\/div><\/div><div class='clearfix'><\/div><\/article><\/div><div class=\"small_post col-xs-6\"><article id='post-9646' class='small-post'><div class='image-post'><a href='https:\/\/www.easistent.ro\/?p=9646'><img width=\"80\" height=\"60\" src=\"https:\/\/www.easistent.ro\/new\/wp-content\/uploads\/2026\/03\/giantleap-80x60.png\" class=\"attachment-image_80_60 size-image_80_60 wp-post-image\" alt=\"\" \/><\/a><\/div><div class='post-holder'><a class='title-post' href='https:\/\/www.easistent.ro\/?p=9646'>A Giant Leap: How AI Is Transforming Healthcare and What That Means for Our Future, de Robert Wachter, Editura Portfolio, 2026<\/a><div class='meta-post'><span class=\"date-post\">mart., 18 2026<\/span><\/div><\/div><div class='clearfix'><\/div><\/article><\/div><div class=\"small_post col-xs-6\"><article id='post-9643' class='small-post'><div class='image-post'><a href='https:\/\/www.easistent.ro\/?p=9643'><img width=\"80\" height=\"60\" src=\"https:\/\/www.easistent.ro\/new\/wp-content\/uploads\/2026\/03\/negociere-80x60.png\" class=\"attachment-image_80_60 size-image_80_60 wp-post-image\" alt=\"\" \/><\/a><\/div><div class='post-holder'><a class='title-post' href='https:\/\/www.easistent.ro\/?p=9643'>Negotiating in\/visibility. Women, Science, Engineering and Medicine in the Twentieth Century, Manchester University Press, 2025, Editori: Amelia Bonea \u0219i Irina Nastas\u0103 Matei<\/a><div class='meta-post'><span class=\"date-post\">mart., 18 2026<\/span><\/div><\/div><div class='clearfix'><\/div><\/article><\/div><div class=\"small_post col-xs-6\"><article id='post-9640' class='small-post'><div class='image-post'><a href='https:\/\/www.easistent.ro\/?p=9640'><img width=\"80\" height=\"60\" src=\"https:\/\/www.easistent.ro\/new\/wp-content\/uploads\/2026\/03\/renal-80x60.png\" class=\"attachment-image_80_60 size-image_80_60 wp-post-image\" alt=\"\" \/><\/a><\/div><div class='post-holder'><a class='title-post' href='https:\/\/www.easistent.ro\/?p=9640'>The Renal System, Ian Peate, Editura Wiley, 2025<\/a><div class='meta-post'><span class=\"date-post\">mart., 18 2026<\/span><\/div><\/div><div class='clearfix'><\/div><\/article><\/div><div class=\"small_post col-xs-6\"><article id='post-9622' class='small-post'><div class='image-post'><a href='https:\/\/www.easistent.ro\/?p=9622'><img width=\"80\" height=\"60\" src=\"https:\/\/www.easistent.ro\/new\/wp-content\/uploads\/2026\/02\/poza-mazilu-80x60.png\" class=\"attachment-image_80_60 size-image_80_60 wp-post-image\" alt=\"\" \/><\/a><\/div><div class='post-holder'><a class='title-post' href='https:\/\/www.easistent.ro\/?p=9622'>Editorial de februarie<\/a><div class='meta-post'><span class=\"date-post\">feb., 25 2026<\/span><\/div><\/div><div class='clearfix'><\/div><\/article><\/div><div class=\"small_post col-xs-6\"><article id='post-9618' class='small-post'><div class='image-post'><a href='https:\/\/www.easistent.ro\/?p=9618'><img width=\"80\" height=\"60\" src=\"https:\/\/www.easistent.ro\/new\/wp-content\/uploads\/2026\/02\/image-80x60.png\" class=\"attachment-image_80_60 size-image_80_60 wp-post-image\" alt=\"\" \/><\/a><\/div><div class='post-holder'><a class='title-post' href='https:\/\/www.easistent.ro\/?p=9618'>Dou\u0103 descoperiri revolu\u021bionare \u00een domeniul s\u0103n\u0103t\u0103\u021bii publicate \u00een 2025 (episodul 1)<\/a><div class='meta-post'><span class=\"date-post\">feb., 25 2026<\/span><\/div><\/div><div class='clearfix'><\/div><\/article><\/div><div class=\"small_post col-xs-6\"><article id='post-9616' class='small-post'><div class='image-post'><a href='https:\/\/www.easistent.ro\/?p=9616'><img width=\"80\" height=\"60\" src=\"https:\/\/www.easistent.ro\/new\/wp-content\/uploads\/2026\/02\/cancer1-80x60.jpg\" class=\"attachment-image_80_60 size-image_80_60 wp-post-image\" alt=\"\" \/><\/a><\/div><div class='post-holder'><a class='title-post' href='https:\/\/www.easistent.ro\/?p=9616'>Femei cu semnifica\u021bie istoric\u0103 \u00een medicin\u0103<\/a><div class='meta-post'><span class=\"date-post\">feb., 25 2026<\/span><\/div><\/div><div class='clearfix'><\/div><\/article><\/div><div class=\"small_post col-xs-6\"><article id='post-9613' class='small-post'><div class='image-post'><a href='https:\/\/www.easistent.ro\/?p=9613'><img width=\"80\" height=\"60\" src=\"https:\/\/www.easistent.ro\/new\/wp-content\/uploads\/2026\/02\/cancer1-80x60.jpg\" class=\"attachment-image_80_60 size-image_80_60 wp-post-image\" alt=\"\" \/><\/a><\/div><div class='post-holder'><a class='title-post' href='https:\/\/www.easistent.ro\/?p=9613'>\u00centreb\u0103ri despre cancer. Ce \u0219tim \u0219i ce nu \u0219tim (\u00eenc\u0103)? \u2013 episodul 1<\/a><div class='meta-post'><span class=\"date-post\">feb., 25 2026<\/span><\/div><\/div><div class='clearfix'><\/div><\/article><\/div><div class=\"small_post col-xs-6\"><article id='post-9611' class='small-post'><div class='image-post'><a href='https:\/\/www.easistent.ro\/?p=9611'><img width=\"80\" height=\"60\" src=\"https:\/\/www.easistent.ro\/new\/wp-content\/uploads\/2026\/02\/cancer-80x60.png\" class=\"attachment-image_80_60 size-image_80_60 wp-post-image\" alt=\"\" \/><\/a><\/div><div class='post-holder'><a class='title-post' href='https:\/\/www.easistent.ro\/?p=9611'>Evenimente medicale<\/a><div class='meta-post'><span class=\"date-post\">feb., 25 2026<\/span><\/div><\/div><div class='clearfix'><\/div><\/article><\/div><div class=\"small_post col-xs-6\"><article id='post-9609' class='small-post'><div class='image-post'><a href='https:\/\/www.easistent.ro\/?p=9609'><img width=\"80\" height=\"60\" src=\"https:\/\/www.easistent.ro\/new\/wp-content\/uploads\/2026\/02\/consult-80x60.jpg\" class=\"attachment-image_80_60 size-image_80_60 wp-post-image\" alt=\"\" \/><\/a><\/div><div class='post-holder'><a class='title-post' href='https:\/\/www.easistent.ro\/?p=9609'>Pasul crucial pentru o consulta\u021bie reu\u0219it\u0103: o bun\u0103 preg\u0103tire a oric\u0103rei vizite la medic<\/a><div class='meta-post'><span class=\"date-post\">feb., 25 2026<\/span><\/div><\/div><div class='clearfix'><\/div><\/article><\/div><div class=\"small_post col-xs-6\"><article id='post-9607' class='small-post'><div class='image-post'><a href='https:\/\/www.easistent.ro\/?p=9607'><img width=\"80\" height=\"60\" src=\"https:\/\/www.easistent.ro\/new\/wp-content\/uploads\/2026\/02\/oncologie-80x60.png\" class=\"attachment-image_80_60 size-image_80_60 wp-post-image\" alt=\"\" \/><\/a><\/div><div class='post-holder'><a class='title-post' href='https:\/\/www.easistent.ro\/?p=9607'>Pe urmele cancerului. Istoria de succes a oncologiei, de Prof. Univ. Dr. Christophe Zielinski, Dr Herbert Lackner. Editura Alias Publishing, 2025<\/a><div class='meta-post'><span class=\"date-post\">feb., 25 2026<\/span><\/div><\/div><div class='clearfix'><\/div><\/article><\/div><div class=\"small_post col-xs-6\"><article id='post-9602' class='small-post'><div class='image-post'><a href='https:\/\/www.easistent.ro\/?p=9602'><img width=\"80\" height=\"60\" src=\"https:\/\/www.easistent.ro\/new\/wp-content\/uploads\/2026\/02\/menopauza-80x60.png\" class=\"attachment-image_80_60 size-image_80_60 wp-post-image\" alt=\"\" \/><\/a><\/div><div class='post-holder'><a class='title-post' href='https:\/\/www.easistent.ro\/?p=9602'>Creierul la menopauz\u0103. O perspectiv\u0103 \u0219tiin\u021bific\u0103 revolu\u021bionar\u0103 asupra s\u0103n\u0103t\u0103\u021bii femeii, de Lisa Mosconi, Editura XYZ Books, 2025<\/a><div class='meta-post'><span class=\"date-post\">feb., 25 2026<\/span><\/div><\/div><div class='clearfix'><\/div><\/article><\/div><div class=\"small_post col-xs-6\"><article id='post-9604' class='small-post'><div class='image-post'><a href='https:\/\/www.easistent.ro\/?p=9604'><img width=\"80\" height=\"60\" src=\"https:\/\/www.easistent.ro\/new\/wp-content\/uploads\/2026\/02\/inima-80x60.png\" class=\"attachment-image_80_60 size-image_80_60 wp-post-image\" alt=\"\" srcset=\"https:\/\/www.easistent.ro\/new\/wp-content\/uploads\/2026\/02\/inima-80x60.png 80w, https:\/\/www.easistent.ro\/new\/wp-content\/uploads\/2026\/02\/inima-511x385.png 511w\" sizes=\"(max-width: 80px) 100vw, 80px\" \/><\/a><\/div><div class='post-holder'><a class='title-post' href='https:\/\/www.easistent.ro\/?p=9604'>S\u0103n\u0103tatea inimii pe \u00een\u021belesul tuturor, de Dr. \u0218tefan Busnatu, Editura Bookzone, 2025<\/a><div class='meta-post'><span class=\"date-post\">feb., 25 2026<\/span><\/div><\/div><div class='clearfix'><\/div><\/article><\/div><div class=\"small_post col-xs-6\"><article id='post-9585' class='small-post'><div class='image-post'><a href='https:\/\/www.easistent.ro\/?p=9585'><img width=\"80\" height=\"60\" src=\"https:\/\/www.easistent.ro\/new\/wp-content\/uploads\/2026\/01\/poza-mazilu-80x60.png\" class=\"attachment-image_80_60 size-image_80_60 wp-post-image\" alt=\"\" \/><\/a><\/div><div class='post-holder'><a class='title-post' href='https:\/\/www.easistent.ro\/?p=9585'>Editorial de ianuarie<\/a><div class='meta-post'><span class=\"date-post\">ian., 21 2026<\/span><\/div><\/div><div class='clearfix'><\/div><\/article><\/div><div class=\"small_post col-xs-6\"><article id='post-9582' class='small-post'><div class='image-post'><a href='https:\/\/www.easistent.ro\/?p=9582'><img width=\"80\" height=\"60\" src=\"https:\/\/www.easistent.ro\/new\/wp-content\/uploads\/2026\/01\/vaccinare1-80x60.png\" class=\"attachment-image_80_60 size-image_80_60 wp-post-image\" alt=\"\" \/><\/a><\/div><div class='post-holder'><a class='title-post' href='https:\/\/www.easistent.ro\/?p=9582'>O compara\u021bie a schemelor de vaccinare din Europa \u0219i Statele Unite ale Americii (SUA)<\/a><div class='meta-post'><span class=\"date-post\">ian., 21 2026<\/span><\/div><\/div><div class='clearfix'><\/div><\/article><\/div><div class=\"small_post col-xs-6\"><article id='post-9578' class='small-post'><div class='image-post'><a href='https:\/\/www.easistent.ro\/?p=9578'><img width=\"80\" height=\"60\" src=\"https:\/\/www.easistent.ro\/new\/wp-content\/uploads\/2026\/01\/image-80x60.png\" class=\"attachment-image_80_60 size-image_80_60 wp-post-image\" alt=\"\" \/><\/a><\/div><div class='post-holder'><a class='title-post' href='https:\/\/www.easistent.ro\/?p=9578'>Istoria Premiilor Nobel \u00een medicin\u0103<\/a><div class='meta-post'><span class=\"date-post\">ian., 21 2026<\/span><\/div><\/div><div class='clearfix'><\/div><\/article><\/div><div class=\"small_post col-xs-6\"><article id='post-9576' class='small-post'><div class='image-post'><a href='https:\/\/www.easistent.ro\/?p=9576'><img width=\"80\" height=\"60\" src=\"https:\/\/www.easistent.ro\/new\/wp-content\/uploads\/2026\/01\/nutritie-80x60.jpg\" class=\"attachment-image_80_60 size-image_80_60 wp-post-image\" alt=\"\" \/><\/a><\/div><div class='post-holder'><a class='title-post' href='https:\/\/www.easistent.ro\/?p=9576'>Recomand\u0103ri ale exper\u021bilor pentru o nutri\u021bie mai bun\u0103<\/a><div class='meta-post'><span class=\"date-post\">ian., 21 2026<\/span><\/div><\/div><div class='clearfix'><\/div><\/article><\/div><\/div><\/div>\n","protected":false},"excerpt":{"rendered":"","protected":false},"author":5,"featured_media":0,"parent":0,"menu_order":0,"comment_status":"closed","ping_status":"closed","template":"","meta":[],"_links":{"self":[{"href":"https:\/\/www.easistent.ro\/index.php?rest_route=\/wp\/v2\/pages\/2642"}],"collection":[{"href":"https:\/\/www.easistent.ro\/index.php?rest_route=\/wp\/v2\/pages"}],"about":[{"href":"https:\/\/www.easistent.ro\/index.php?rest_route=\/wp\/v2\/types\/page"}],"author":[{"embeddable":true,"href":"https:\/\/www.easistent.ro\/index.php?rest_route=\/wp\/v2\/users\/5"}],"replies":[{"embeddable":true,"href":"https:\/\/www.easistent.ro\/index.php?rest_route=%2Fwp%2Fv2%2Fcomments&post=2642"}],"version-history":[{"count":0,"href":"https:\/\/www.easistent.ro\/index.php?rest_route=\/wp\/v2\/pages\/2642\/revisions"}],"wp:attachment":[{"href":"https:\/\/www.easistent.ro\/index.php?rest_route=%2Fwp%2Fv2%2Fmedia&parent=2642"}],"curies":[{"name":"wp","href":"https:\/\/api.w.org\/{rel}","templated":true}]}}